{"id":3321,"date":"2022-05-24T09:14:22","date_gmt":"2022-05-24T09:14:22","guid":{"rendered":"https:\/\/aubenhausen.de\/?page_id=3321"},"modified":"2025-09-23T04:29:50","modified_gmt":"2025-09-23T04:29:50","slug":"jobs","status":"publish","type":"page","link":"https:\/\/aubenhausen.de\/en\/jobs\/","title":{"rendered":"Jobs"},"content":{"rendered":"<div data-elementor-type=\"wp-page\" data-elementor-id=\"3321\" class=\"elementor elementor-3321\" data-elementor-post-type=\"page\">\n\t\t\t\t\t\t<section class=\"elementor-section elementor-top-section elementor-element elementor-element-6e65e2c elementor-section-height-min-height elementor-section-full_width elementor-section-height-default elementor-section-items-middle\" data-id=\"6e65e2c\" data-element_type=\"section\" data-e-type=\"section\" data-settings=\"{&quot;background_background&quot;:&quot;classic&quot;}\">\n\t\t\t\t\t\t<div class=\"elementor-container elementor-column-gap-default\">\n\t\t\t\t\t<div class=\"elementor-column elementor-col-100 elementor-top-column elementor-element elementor-element-f1c6774\" data-id=\"f1c6774\" data-element_type=\"column\" data-e-type=\"column\">\n\t\t\t<div class=\"elementor-widget-wrap elementor-element-populated\">\n\t\t\t\t\t\t<div class=\"elementor-element elementor-element-1551ff1 elementor-widget elementor-widget-image\" data-id=\"1551ff1\" data-element_type=\"widget\" data-e-type=\"widget\" data-widget_type=\"image.default\">\n\t\t\t\t<div class=\"elementor-widget-container\">\n\t\t\t\t\t\t\t\t\t\t\t\t\t\t\t<img fetchpriority=\"high\" decoding=\"async\" width=\"700\" height=\"200\" src=\"https:\/\/aubenhausen.de\/wp-content\/uploads\/2022\/05\/Jobs_01.png\" class=\"attachment-large size-large wp-image-3326\" alt=\"\" srcset=\"https:\/\/aubenhausen.de\/wp-content\/uploads\/2022\/05\/Jobs_01.png 700w, https:\/\/aubenhausen.de\/wp-content\/uploads\/2022\/05\/Jobs_01-300x86.png 300w, https:\/\/aubenhausen.de\/wp-content\/uploads\/2022\/05\/Jobs_01-18x5.png 18w\" sizes=\"(max-width: 700px) 100vw, 700px\" \/>\t\t\t\t\t\t\t\t\t\t\t\t\t\t\t<\/div>\n\t\t\t\t<\/div>\n\t\t\t\t\t<\/div>\n\t\t<\/div>\n\t\t\t\t\t<\/div>\n\t\t<\/section>\n\t\t\t\t<section class=\"elementor-section elementor-top-section elementor-element elementor-element-5eabf6a elementor-section-boxed elementor-section-height-default elementor-section-height-default\" data-id=\"5eabf6a\" data-element_type=\"section\" data-e-type=\"section\" data-settings=\"{&quot;background_background&quot;:&quot;classic&quot;}\">\n\t\t\t\t\t\t<div class=\"elementor-container elementor-column-gap-default\">\n\t\t\t\t\t<div class=\"elementor-column elementor-col-100 elementor-top-column elementor-element elementor-element-1f9c729\" data-id=\"1f9c729\" data-element_type=\"column\" data-e-type=\"column\">\n\t\t\t<div class=\"elementor-widget-wrap elementor-element-populated\">\n\t\t\t\t\t\t<div class=\"elementor-element elementor-element-4fd5681 elementor-widget elementor-widget-heading\" data-id=\"4fd5681\" data-element_type=\"widget\" data-e-type=\"widget\" data-widget_type=\"heading.default\">\n\t\t\t\t<div class=\"elementor-widget-container\">\n\t\t\t\t\t<h2 class=\"elementor-heading-title elementor-size-default\">JOBS in Aubenhausen<\/h2>\t\t\t\t<\/div>\n\t\t\t\t<\/div>\n\t\t\t\t\t<\/div>\n\t\t<\/div>\n\t\t\t\t\t<\/div>\n\t\t<\/section>\n\t\t\t\t<section class=\"elementor-section elementor-top-section elementor-element elementor-element-232a76f elementor-section-height-min-height elementor-hidden-mobile elementor-section-boxed elementor-section-height-default elementor-section-items-middle\" data-id=\"232a76f\" data-element_type=\"section\" data-e-type=\"section\" data-settings=\"{&quot;background_background&quot;:&quot;classic&quot;}\">\n\t\t\t\t\t\t<div class=\"elementor-container elementor-column-gap-default\">\n\t\t\t\t\t<div class=\"elementor-column elementor-col-100 elementor-top-column elementor-element elementor-element-d20b99d\" data-id=\"d20b99d\" data-element_type=\"column\" data-e-type=\"column\" data-settings=\"{&quot;background_background&quot;:&quot;classic&quot;}\">\n\t\t\t<div class=\"elementor-widget-wrap elementor-element-populated\">\n\t\t\t\t\t\t<div class=\"elementor-element elementor-element-91ec26c elementor-widget elementor-widget-heading\" data-id=\"91ec26c\" data-element_type=\"widget\" data-e-type=\"widget\" data-widget_type=\"heading.default\">\n\t\t\t\t<div class=\"elementor-widget-container\">\n\t\t\t\t\t<h2 class=\"elementor-heading-title elementor-size-default\">Do What You Love<\/h2>\t\t\t\t<\/div>\n\t\t\t\t<\/div>\n\t\t\t\t<div class=\"elementor-element elementor-element-5517ea2 elementor-widget elementor-widget-heading\" data-id=\"5517ea2\" data-element_type=\"widget\" data-e-type=\"widget\" data-widget_type=\"heading.default\">\n\t\t\t\t<div class=\"elementor-widget-container\">\n\t\t\t\t\t<h5 class=\"elementor-heading-title elementor-size-default\"><span><strong> <br>Full-time Groom<\/strong><\/span><\/h5>\t\t\t\t<\/div>\n\t\t\t\t<\/div>\n\t\t\t\t<div class=\"elementor-element elementor-element-69a3b75 elementor-widget elementor-widget-text-editor\" data-id=\"69a3b75\" data-element_type=\"widget\" data-e-type=\"widget\" data-widget_type=\"text-editor.default\">\n\t\t\t\t<div class=\"elementor-widget-container\">\n\t\t\t\t\t\t\t\t\t<p><strong>#teamaubi is looking for you! <\/strong><\/p><p class=\" translation-block\">We are always looking for full-time grooms or interns for at least 6 months to expand our team in Aubenhausen.<\/p><p><strong>Your tasks:<br \/><\/strong>\u2022 General stable work<br \/>\u2022 Feeding\/ taking care of the horses<br \/>\u2022 Taking horses to the paddock and to the walker<br \/>\u2022 Preparing and caring for the horses for training<br \/>\u2022 Lunging the horses<br \/>\u2022 Accompanying horses and riders to events<\/p><p><strong>What is important for us:<\/strong><\/p><p>\u2022 Flexibility and ability to work in a team<br \/>\u2022 Friendly and professional manner<br \/>\u2022 Experience in horse care<br \/>\u2022 Good knowledge of German <strong>or<\/strong> English<br \/>\u2022 Enjoyment of working with horses<br \/>\u2022 Motivation\/willingness to perform<br \/>\u2022 Independent, determined approach to work and reliability<\/p><p><strong>What we offer:<\/strong><\/p><p>\u2022 Nice accommodation at the riding facility between Rosenheim and Munich (train connection to Munich East. 24 min.)<br \/>\u2022 Familiar environment<br \/>\u2022 Young, motivated and dynamic team<br \/>\u2022 Team events and like-minded, passionate horse enthusiasts<\/p>\t\t\t\t\t\t\t\t<\/div>\n\t\t\t\t<\/div>\n\t\t\t\t<div class=\"elementor-element elementor-element-a963d52 elementor-align-center elementor-widget elementor-widget-button\" data-id=\"a963d52\" data-element_type=\"widget\" data-e-type=\"widget\" data-widget_type=\"button.default\">\n\t\t\t\t<div class=\"elementor-widget-container\">\n\t\t\t\t\t\t\t\t\t<div class=\"elementor-button-wrapper\">\n\t\t\t\t\t<a class=\"elementor-button elementor-button-link elementor-size-sm\" href=\"https:\/\/aubenhausen.de\/kontakt\/\">\n\t\t\t\t\t\t<span class=\"elementor-button-content-wrapper\">\n\t\t\t\t\t\t\t\t\t<span class=\"elementor-button-text\">Interested?<\/span>\n\t\t\t\t\t<\/span>\n\t\t\t\t\t<\/a>\n\t\t\t\t<\/div>\n\t\t\t\t\t\t\t\t<\/div>\n\t\t\t\t<\/div>\n\t\t\t\t\t<\/div>\n\t\t<\/div>\n\t\t\t\t\t<\/div>\n\t\t<\/section>\n\t\t\t\t<section class=\"elementor-section elementor-top-section elementor-element elementor-element-ac160a0 elementor-hidden-desktop elementor-hidden-tablet elementor-section-boxed elementor-section-height-default elementor-section-height-default\" data-id=\"ac160a0\" data-element_type=\"section\" data-e-type=\"section\">\n\t\t\t\t\t\t<div class=\"elementor-container elementor-column-gap-default\">\n\t\t\t\t\t<div class=\"elementor-column elementor-col-100 elementor-top-column elementor-element elementor-element-6f42498\" data-id=\"6f42498\" data-element_type=\"column\" data-e-type=\"column\">\n\t\t\t<div class=\"elementor-widget-wrap elementor-element-populated\">\n\t\t\t\t\t\t<div class=\"elementor-element elementor-element-edaf7a5 elementor-widget elementor-widget-image\" data-id=\"edaf7a5\" data-element_type=\"widget\" data-e-type=\"widget\" data-widget_type=\"image.default\">\n\t\t\t\t<div class=\"elementor-widget-container\">\n\t\t\t\t\t\t\t\t\t\t\t\t\t\t\t<img decoding=\"async\" width=\"800\" height=\"532\" src=\"https:\/\/aubenhausen.de\/wp-content\/uploads\/2022\/05\/320-\u00a9LeonieLorenz-2978-1024x681.jpg\" class=\"attachment-large size-large wp-image-3333\" alt=\"\" srcset=\"https:\/\/aubenhausen.de\/wp-content\/uploads\/2022\/05\/320-\u00a9LeonieLorenz-2978-1024x681.jpg 1024w, https:\/\/aubenhausen.de\/wp-content\/uploads\/2022\/05\/320-\u00a9LeonieLorenz-2978-300x200.jpg 300w, https:\/\/aubenhausen.de\/wp-content\/uploads\/2022\/05\/320-\u00a9LeonieLorenz-2978-768x511.jpg 768w, https:\/\/aubenhausen.de\/wp-content\/uploads\/2022\/05\/320-\u00a9LeonieLorenz-2978-1536x1022.jpg 1536w, https:\/\/aubenhausen.de\/wp-content\/uploads\/2022\/05\/320-\u00a9LeonieLorenz-2978-2048x1363.jpg 2048w, https:\/\/aubenhausen.de\/wp-content\/uploads\/2022\/05\/320-\u00a9LeonieLorenz-2978-18x12.jpg 18w\" sizes=\"(max-width: 800px) 100vw, 800px\" \/>\t\t\t\t\t\t\t\t\t\t\t\t\t\t\t<\/div>\n\t\t\t\t<\/div>\n\t\t\t\t\t<\/div>\n\t\t<\/div>\n\t\t\t\t\t<\/div>\n\t\t<\/section>\n\t\t\t\t<section class=\"elementor-section elementor-top-section elementor-element elementor-element-026ec2e elementor-hidden-desktop elementor-hidden-tablet elementor-section-boxed elementor-section-height-default elementor-section-height-default\" data-id=\"026ec2e\" data-element_type=\"section\" data-e-type=\"section\" data-settings=\"{&quot;background_background&quot;:&quot;classic&quot;}\">\n\t\t\t\t\t\t<div class=\"elementor-container elementor-column-gap-default\">\n\t\t\t\t\t<div class=\"elementor-column elementor-col-100 elementor-top-column elementor-element elementor-element-2ae5776\" data-id=\"2ae5776\" data-element_type=\"column\" data-e-type=\"column\">\n\t\t\t<div class=\"elementor-widget-wrap elementor-element-populated\">\n\t\t\t\t\t\t<div class=\"elementor-element elementor-element-ffb885a elementor-widget elementor-widget-heading\" data-id=\"ffb885a\" data-element_type=\"widget\" data-e-type=\"widget\" data-widget_type=\"heading.default\">\n\t\t\t\t<div class=\"elementor-widget-container\">\n\t\t\t\t\t<h2 class=\"elementor-heading-title elementor-size-default\">DO WHAT YOU LOVE<\/h2>\t\t\t\t<\/div>\n\t\t\t\t<\/div>\n\t\t\t\t<div class=\"elementor-element elementor-element-1b600f9 elementor-widget elementor-widget-heading\" data-id=\"1b600f9\" data-element_type=\"widget\" data-e-type=\"widget\" data-widget_type=\"heading.default\">\n\t\t\t\t<div class=\"elementor-widget-container\">\n\t\t\t\t\t<h5 class=\"elementor-heading-title elementor-size-default translation-block\">Full-time horse grooms (m\/f\/d)<\/h5>\t\t\t\t<\/div>\n\t\t\t\t<\/div>\n\t\t\t\t\t<\/div>\n\t\t<\/div>\n\t\t\t\t\t<\/div>\n\t\t<\/section>\n\t\t\t\t<section class=\"elementor-section elementor-top-section elementor-element elementor-element-4b45614 elementor-hidden-desktop elementor-hidden-tablet elementor-section-boxed elementor-section-height-default elementor-section-height-default\" data-id=\"4b45614\" data-element_type=\"section\" data-e-type=\"section\">\n\t\t\t\t\t\t<div class=\"elementor-container elementor-column-gap-default\">\n\t\t\t\t\t<div class=\"elementor-column elementor-col-100 elementor-top-column elementor-element elementor-element-f483289\" data-id=\"f483289\" data-element_type=\"column\" data-e-type=\"column\">\n\t\t\t<div class=\"elementor-widget-wrap elementor-element-populated\">\n\t\t\t\t\t\t<div class=\"elementor-element elementor-element-97387c5 elementor-widget elementor-widget-text-editor\" data-id=\"97387c5\" data-element_type=\"widget\" data-e-type=\"widget\" data-widget_type=\"text-editor.default\">\n\t\t\t\t<div class=\"elementor-widget-container\">\n\t\t\t\t\t\t\t\t\t<p><strong>#teamaubi is looking for you! <\/strong><\/p><p>We are <strong>immer wieder\u00a0Pferdepfleger*innen (m\/w\/d) in Vollzeit<\/strong> or interns for at least 6 months to expand our team in Aubenhausen. <strong>Praktikant*in f\u00fcr mind. 6 Monate<\/strong> zur Vergr\u00f6\u00dferung unseres Teams im Dressurstall Aubenhausen.<\/p><p><strong>Your tasks:<br \/><\/strong>\u2022 General stable work<br \/>\u2022 Feeding\/ taking care of the horses<br \/>\u2022 Taking horses to the paddock and to the walker<br \/>\u2022 Preparing and caring for the horses for training<br \/>\u2022 Lunging the horses<br \/>\u2022 Accompanying horses and riders to events<\/p><p><strong>What is important for us:<\/strong><\/p><p>\u2022 Flexibility and ability to work in a team<br \/>\u2022 Friendly and professional manner<br \/>\u2022 Experience in horse care<br \/>\u2022 Good knowledge of German <strong>or<\/strong> English<br \/>\u2022 Enjoyment of working with horses<br \/>\u2022 Motivation\/willingness to perform<br \/>\u2022 Independent, determined approach to work and reliability<\/p><p><strong>What we offer:<\/strong><\/p><p>\u2022 Nice accommodation at the riding facility between Rosenheim and Munich (train connection to Munich East. 24 min.)<br \/>\u2022 Familiar environment<br \/>\u2022 Young, motivated and dynamic team<br \/>\u2022 Team events and like-minded, passionate horse enthusiasts<\/p>\t\t\t\t\t\t\t\t<\/div>\n\t\t\t\t<\/div>\n\t\t\t\t<div class=\"elementor-element elementor-element-f739052 elementor-align-center elementor-widget elementor-widget-button\" data-id=\"f739052\" data-element_type=\"widget\" data-e-type=\"widget\" data-widget_type=\"button.default\">\n\t\t\t\t<div class=\"elementor-widget-container\">\n\t\t\t\t\t\t\t\t\t<div class=\"elementor-button-wrapper\">\n\t\t\t\t\t<a class=\"elementor-button elementor-button-link elementor-size-sm\" href=\"https:\/\/aubenhausen.de\/kontakt\/\">\n\t\t\t\t\t\t<span class=\"elementor-button-content-wrapper\">\n\t\t\t\t\t\t\t\t\t<span class=\"elementor-button-text\">Interested?<\/span>\n\t\t\t\t\t<\/span>\n\t\t\t\t\t<\/a>\n\t\t\t\t<\/div>\n\t\t\t\t\t\t\t\t<\/div>\n\t\t\t\t<\/div>\n\t\t\t\t\t<\/div>\n\t\t<\/div>\n\t\t\t\t\t<\/div>\n\t\t<\/section>\n\t\t\t\t<\/div>","protected":false},"excerpt":{"rendered":"<p>JOBS in Aubenhausen Do What You Love Pferdepfleger*innen (m\/w\/d) in Vollzeit #teamaubi sucht Dich! Wir suchen immer wieder Pferdepfleger*innen (m\/w\/d) in Vollzeit oder als Praktikant*in f\u00fcr mind. 6 Monate zur Vergr\u00f6\u00dferung unseres Teams im Dressurstall Aubenhausen. Deine Aufgaben:\u2022 Allgemeine Stallarbeiten\u2022 F\u00fcttern\/Versorgung der Pferde\u2022 Pferde auf die Koppel und in die F\u00fchrmaschine bringen\u2022 Herrichten und Versorgung [&hellip;]<\/p>\n","protected":false},"author":2,"featured_media":0,"parent":0,"menu_order":4,"comment_status":"closed","ping_status":"closed","template":"elementor_header_footer","meta":{"footnotes":""},"class_list":["post-3321","page","type-page","status-publish","hentry"],"_links":{"self":[{"href":"https:\/\/aubenhausen.de\/en\/wp-json\/wp\/v2\/pages\/3321","targetHints":{"allow":["GET"]}}],"collection":[{"href":"https:\/\/aubenhausen.de\/en\/wp-json\/wp\/v2\/pages"}],"about":[{"href":"https:\/\/aubenhausen.de\/en\/wp-json\/wp\/v2\/types\/page"}],"author":[{"embeddable":true,"href":"https:\/\/aubenhausen.de\/en\/wp-json\/wp\/v2\/users\/2"}],"replies":[{"embeddable":true,"href":"https:\/\/aubenhausen.de\/en\/wp-json\/wp\/v2\/comments?post=3321"}],"version-history":[{"count":43,"href":"https:\/\/aubenhausen.de\/en\/wp-json\/wp\/v2\/pages\/3321\/revisions"}],"predecessor-version":[{"id":5859,"href":"https:\/\/aubenhausen.de\/en\/wp-json\/wp\/v2\/pages\/3321\/revisions\/5859"}],"wp:attachment":[{"href":"https:\/\/aubenhausen.de\/en\/wp-json\/wp\/v2\/media?parent=3321"}],"curies":[{"name":"wp","href":"https:\/\/api.w.org\/{rel}","templated":true}]}}